{"id":8,"date":"2019-09-04T14:56:59","date_gmt":"2019-09-04T14:56:59","guid":{"rendered":"https:\/\/vermutcomunicacion.com\/sara\/?p=8"},"modified":"2025-01-23T12:12:58","modified_gmt":"2025-01-23T11:12:58","slug":"servicios","status":"publish","type":"page","link":"https:\/\/www.sarapresas.com\/ca\/serveis\/","title":{"rendered":"Serveis"},"content":{"rendered":"<h1>SERVICIOS PRESAS ARQUITECTURA<\/h1>\n<h2>Consultor\u00eda de urbanismo, proyectos de legalizaci\u00f3n de obras, reforma y rehabilitaci\u00f3n de espacios, y proyectos de obra nueva<\/h2>\n<ul>\n<li>\n<p>        <img decoding=\"async\" src=\"\/wp-content\/uploads\/2024\/07\/consultoria.jpg\" alt=\"\"><\/p>\n<h3>CONSULTOR\u00cdA<\/h3>\n<p><a href=\"\/servicios\/consultoria-de-urbanismo\/\">ver m\u00e1s<\/a><\/p>\n<\/li>\n<li>\n<p>        <img decoding=\"async\" src=\"\/wp-content\/uploads\/2024\/05\/call_type04.jpg\" alt=\"\"><\/p>\n<h3>REFORMAS<\/h3>\n<p><a href=\"\/servicios\/proyectos-reforma-y-rehabilitacion\/\">ver m\u00e1s<\/a><\/p>\n<\/li>\n<li>\n<p>        <img decoding=\"async\" src=\"\/wp-content\/uploads\/2024\/05\/call_type05.jpg\" alt=\"\"><\/p>\n<h3>LEGALIZACI\u00d3N<\/h3>\n<p><a href=\"\/servicios\/proyectos-legalizacion-de-obras\/\">ver m\u00e1s<\/a><\/p>\n<\/li>\n<li>\n<p>        <img decoding=\"async\" src=\"\/wp-content\/uploads\/2024\/05\/call_type06.jpg\" alt=\"\"><\/p>\n<h3>OBRA NUEVA<\/h3>\n<p><a href=\"\/servicios\/proyectos-de-obra-nueva\/\">ver m\u00e1s<\/a><\/p>\n<\/li>\n<\/ul>\n<p>Investigamos hasta encontrar la soluci\u00f3n que se ajuste a sus necesidades.<\/p>\n<p><!--more--><br \/>\n<!-- {\"type\":\"layout\",\"children\":[{\"name\":\"Residences\",\"type\":\"section\",\"props\":{\"animation\":\"slide-top-small\",\"animation_delay\":false,\"divider_color_inherit_section\":true,\"divider_flip\":true,\"divider_height\":\"120\",\"divider_invert\":false,\"divider_layers_gap\":\"5\",\"divider_layers_opacity\":\"0.5\",\"divider_position\":\"bottom-outside\",\"divider_responsive\":true,\"divider_shadow_blur_radius\":\"5\",\"divider_shadow_color\":\"#00000080\",\"divider_shadow_offset_x\":\"0\",\"divider_shadow_offset_y\":\"5\",\"divider_shape\":\"arrow\",\"divider_width\":\"100\",\"header_transparent\":true,\"header_transparent_noplaceholder\":true,\"header_transparent_text_color\":\"dark\",\"image_position\":\"top-center\",\"padding\":\"xlarge\",\"padding_custom_bottom\":\"70\",\"padding_custom_top\":\"70\",\"padding_remove_top\":false,\"style\":\"muted\",\"style_custom_color\":\"#ccc\",\"title_breakpoint\":\"xl\",\"title_position\":\"top-left\",\"title_rotation\":\"left\",\"vertical_align\":\"middle\",\"width\":\"xlarge\"},\"children\":[{\"type\":\"row\",\"props\":{\"margin\":\"large\",\"margin_remove_top\":false,\"width\":\"xlarge\"},\"children\":[{\"type\":\"column\",\"props\":{\"image_position\":\"center-center\",\"position_sticky_breakpoint\":\"m\",\"width_medium\":\"1-1\"},\"children\":[{\"type\":\"headline\",\"props\":{\"content\":\"SERVICIOS PRESAS ARQUITECTURA\",\"content_ca\":\"SERVEIS PRESAS ARQUITECTURA\",\"margin_remove_bottom\":false,\"margin_remove_top\":false,\"title_color\":\"primary\",\"title_element\":\"h1\",\"title_style\":\"h6\"}},{\"type\":\"headline\",\"props\":{\"content\":\"Consultor\\u00eda de urbanismo, proyectos de legalizaci\\u00f3n de obras, reforma y rehabilitaci\\u00f3n de espacios, y proyectos de obra nueva\",\"margin_remove_top\":true,\"maxwidth\":\"2xlarge\",\"title_element\":\"h2\",\"title_style\":\"h5\"}},{\"type\":\"gallery\",\"props\":{\"filter_align\":\"left\",\"filter_all\":true,\"filter_grid_breakpoint\":\"m\",\"filter_grid_width\":\"auto\",\"filter_position\":\"top\",\"filter_style\":\"tab\",\"grid_column_gap\":\"small\",\"grid_default\":\"1\",\"grid_medium\":\"4\",\"image_height\":\"550\",\"image_width\":\"900\",\"item_animation\":true,\"link_margin\":\"remove\",\"link_style\":\"text\",\"link_text\":\"ver m\\u00e1s\",\"link_text_ca\":\"veure m\\u00e9s\",\"margin\":\"default\",\"meta_align\":\"below-title\",\"meta_element\":\"div\",\"meta_style\":\"text-meta\",\"overlay_hover\":true,\"overlay_link\":true,\"overlay_mode\":\"cover\",\"overlay_position\":\"bottom-left\",\"overlay_style\":\"overlay-primary\",\"overlay_transition\":\"slide-left\",\"overlay_transition_background\":true,\"show_content\":true,\"show_hover_image\":true,\"show_hover_video\":true,\"show_link\":true,\"show_meta\":true,\"show_title\":true,\"text_align\":\"left\",\"text_color\":\"light\",\"text_color_hover\":true,\"title_element\":\"h3\",\"title_hover_style\":\"reset\"},\"children\":[{\"type\":\"gallery_item\",\"props\":{\"image\":\"wp-content\\\/uploads\\\/2024\\\/07\\\/consultoria.jpg\",\"link\":\"servicios\\\/consultoria-de-urbanismo\\\/\",\"link_ca\":\"ca\\\/serveis\\\/consultoria-durbanisme\",\"media_background\":\"rgba(96, 88, 79, 0.8)\",\"media_blend_mode\":\"overlay\",\"title\":\"CONSULTOR\\u00cdA\",\"title_ca\":\"CONSULTORIA\"}},{\"type\":\"gallery_item\",\"props\":{\"image\":\"wp-content\\\/uploads\\\/2024\\\/05\\\/call_type04.jpg\",\"link\":\"servicios\\\/proyectos-reforma-y-rehabilitacion\\\/\",\"link_ca\":\"ca\\\/serveis\\\/projectes-reforma-i-rehabilitacio\",\"media_background\":\"rgba(96, 88, 79, 0.8)\",\"media_blend_mode\":\"overlay\",\"title\":\"REFORMAS\",\"title_ca\":\"REFORMES\"}},{\"type\":\"gallery_item\",\"props\":{\"image\":\"wp-content\\\/uploads\\\/2024\\\/05\\\/call_type05.jpg\",\"link\":\"servicios\\\/proyectos-legalizacion-de-obras\\\/\",\"link_ca\":\"ca\\\/serveis\\\/projectes-legalitzacio-dobres\",\"media_background\":\"rgba(96, 88, 79, 0.8)\",\"media_blend_mode\":\"overlay\",\"title\":\"LEGALIZACI\\u00d3N\",\"title_ca\":\"LEGALITZACI\\u00d3\"}},{\"type\":\"gallery_item\",\"props\":{\"image\":\"wp-content\\\/uploads\\\/2024\\\/05\\\/call_type06.jpg\",\"link\":\"servicios\\\/proyectos-de-obra-nueva\\\/\",\"link_ca\":\"ca\\\/serveis\\\/projectes-dobra-nova\",\"media_background\":\"rgba(96, 88, 79, 0.8)\",\"media_blend_mode\":\"overlay\",\"title\":\"OBRA NUEVA\",\"title_ca\":\"OBRA NOVA\"}}]}]}]},{\"type\":\"row\",\"props\":{\"margin\":\"xlarge\",\"margin_remove_top\":true,\"width\":\"xlarge\"},\"children\":[{\"type\":\"column\",\"props\":{\"image_position\":\"center-center\",\"position_sticky_breakpoint\":\"m\",\"width_medium\":\"1-1\"},\"children\":[{\"type\":\"headline\",\"props\":{\"content\":\"Investigamos hasta encontrar la soluci\\u00f3n que se ajuste a sus necesidades<span class=\\\"uk-text-primary\\\">.<\\\/span>\",\"content_ca\":\"Investiguem fins a trobar la soluci\\u00f3 que s'ajusti a les seves necessitats<span class=\\\"uk-text-primary\\\">.<\\\/span>\",\"margin_remove_top\":true,\"maxwidth\":\"2xlarge\",\"status\":\"disabled\",\"title_element\":\"h2\",\"title_style\":\"h1\"}},{\"type\":\"cf-typer\",\"props\":{\"back_delay\":1,\"back_speed\":0.1,\"cursor_char\":\"_\",\"fade_out\":true,\"fade_out_delay\":0.5,\"loop\":true,\"maxwidth\":\"2xlarge\",\"show_cursor\":false,\"shuffle\":false,\"smart_backspace\":true,\"start_delay\":1,\"text\":\"\n\n<p>Investigamos hasta encontrar la soluci\\u00f3n que se ajuste a sus necesidades.<\\\/p>\",\"text_ca\":\"\n\n<p>Investiguem fins a trobar la soluci\\u00f3 que s'ajusti a les seves necessitats.<\\\/p>\",\"type_speed\":\"0.09\",\"typer_element\":\"div\",\"typer_style\":\"h2\",\"typer_trigger\":\"inview\"}}]}]}]},{\"type\":\"section\",\"props\":{\"divider_height\":\"120\",\"divider_layers_gap\":\"5\",\"divider_layers_opacity\":\"0.5\",\"divider_position\":\"top\",\"divider_responsive\":true,\"divider_shadow_blur_radius\":\"5\",\"divider_shadow_color\":\"#00000080\",\"divider_shadow_offset_x\":\"0\",\"divider_shadow_offset_y\":\"5\",\"divider_width\":\"100\",\"image\":\"wp-content\\\/uploads\\\/2024\\\/05\\\/call_type04.jpg\",\"image_effect\":\"fixed\",\"image_position\":\"center-center\",\"image_size\":\"cover\",\"media_background\":\"rgba(98, 93, 86, 0.76)\",\"media_blend_mode\":\"overlay\",\"media_overlay\":\"rgba(0, 0, 0, 0)\",\"padding\":\"xlarge\",\"padding_custom_bottom\":\"70\",\"padding_custom_top\":\"70\",\"padding_remove_bottom\":false,\"padding_remove_top\":false,\"status\":\"disabled\",\"style\":\"default\",\"style_custom_color\":\"#ccc\",\"title_breakpoint\":\"xl\",\"title_position\":\"top-left\",\"title_rotation\":\"left\",\"vertical_align\":\"middle\",\"width\":\"default\"},\"children\":[{\"type\":\"row\",\"children\":[{\"type\":\"column\",\"props\":{\"image_position\":\"center-center\",\"position_sticky_breakpoint\":\"m\",\"width_medium\":\"4-5\"},\"children\":[{\"type\":\"cf-typer\",\"props\":{\"back_delay\":\"3\",\"back_speed\":\"0.01\",\"cursor_char\":\"\",\"fade_out\":true,\"fade_out_delay\":\"1\",\"loop\":true,\"maxwidth\":\"2xlarge\",\"show_cursor\":false,\"shuffle\":true,\"smart_backspace\":true,\"start_delay\":\"1\",\"text\":\"\n\n<p>Las personas me transmiten su preocupaci\\u00f3n; la complejidad ante las entidades p\\u00fablicas a la hora de obtener licencias de obras cada d\\u00eda va en aumento.<\\\/p>\",\"type_speed\":\"0.06\",\"typer_color\":\"success\",\"typer_element\":\"div\",\"typer_style\":\"heading-small\",\"typer_trigger\":\"onload\"},\"name\":\"frase type\"}]},{\"type\":\"column\",\"props\":{\"image_position\":\"center-center\",\"position_sticky_breakpoint\":\"m\",\"width_medium\":\"1-5\"},\"children\":[{\"type\":\"divider\",\"props\":{\"divider_element\":\"hr\",\"divider_style\":\"vertical\"}},{\"type\":\"divider\",\"props\":{\"divider_element\":\"hr\",\"divider_style\":\"vertical\"}},{\"type\":\"divider\",\"props\":{\"divider_element\":\"hr\",\"divider_style\":\"vertical\"}}]}],\"props\":{\"layout\":\"4-5,1-5\",\"margin_remove_bottom\":true}}]}],\"version\":\"4.4.20\"} --><\/p>\n","protected":false},"excerpt":{"rendered":"<p>SERVICIOS PRESAS ARQUITECTURA Consultor\u00eda de urbanismo, proyectos de legalizaci\u00f3n de obras, reforma y rehabilitaci\u00f3n de espacios, y proyectos de obra nueva CONSULTOR\u00cdA ver m\u00e1s REFORMAS ver m\u00e1s LEGALIZACI\u00d3N ver m\u00e1s OBRA NUEVA ver m\u00e1s Investigamos hasta encontrar la soluci\u00f3n que se ajuste a sus necesidades.<\/p>\n","protected":false},"author":1,"featured_media":0,"parent":0,"menu_order":12,"comment_status":"closed","ping_status":"closed","template":"","meta":{"_acf_changed":false,"footnotes":""},"class_list":["post-8","page","type-page","status-publish","hentry"],"acf":[],"yoast_head":"<!-- This site is optimized with the Yoast SEO plugin v27.4 - https:\/\/yoast.com\/product\/yoast-seo-wordpress\/ -->\n<title>Serveis<\/title>\n<meta name=\"robots\" content=\"index, follow, max-snippet:-1, max-image-preview:large, max-video-preview:-1\" \/>\n<meta property=\"og:locale\" content=\"ca_ES\" \/>\n<meta property=\"og:type\" content=\"article\" \/>\n<meta property=\"og:title\" content=\"Serveis\" \/>\n<meta property=\"og:url\" content=\"https:\/\/www.sarapresas.com\/ca\/serveis\/\" \/>\n<meta property=\"og:site_name\" content=\"Sara Presas\" \/>\n<meta property=\"article:modified_time\" content=\"2025-01-23T11:12:58+00:00\" \/>\n<meta name=\"twitter:card\" content=\"summary_large_image\" \/>\n<meta name=\"twitter:label1\" content=\"Temps estimat de lectura\" \/>\n\t<meta name=\"twitter:data1\" content=\"2 minuts\" \/>\n<script type=\"application\/ld+json\" class=\"yoast-schema-graph\">{\"@context\":\"https:\\\/\\\/schema.org\",\"@graph\":[{\"@type\":\"WebPage\",\"@id\":\"https:\\\/\\\/www.sarapresas.com\\\/ca\\\/serveis\\\/\",\"url\":\"https:\\\/\\\/www.sarapresas.com\\\/ca\\\/serveis\\\/\",\"name\":\"Servicios Presas Arquitectura - Sara Presas\",\"isPartOf\":{\"@id\":\"https:\\\/\\\/www.sarapresas.com\\\/#website\"},\"datePublished\":\"2019-09-04T14:56:59+00:00\",\"dateModified\":\"2025-01-23T11:12:58+00:00\",\"description\":\"Servicios de arquitectura: consultor\u00eda de urbanismo, proyectos de legalizaci\u00f3n de obras, reforma y rehabilitaci\u00f3n de espacios, proyectos de obra nueva\",\"breadcrumb\":{\"@id\":\"https:\\\/\\\/www.sarapresas.com\\\/ca\\\/serveis\\\/#breadcrumb\"},\"inLanguage\":\"ca\",\"potentialAction\":[{\"@type\":\"ReadAction\",\"target\":[\"https:\\\/\\\/www.sarapresas.com\\\/ca\\\/serveis\\\/\"]}]},{\"@type\":\"BreadcrumbList\",\"@id\":\"https:\\\/\\\/www.sarapresas.com\\\/ca\\\/serveis\\\/#breadcrumb\",\"itemListElement\":[{\"@type\":\"ListItem\",\"position\":1,\"name\":\"Inicio\",\"item\":\"https:\\\/\\\/www.sarapresas.com\\\/\"},{\"@type\":\"ListItem\",\"position\":2,\"name\":\"Serveis\"}]},{\"@type\":\"WebSite\",\"@id\":\"https:\\\/\\\/www.sarapresas.com\\\/ca\\\/#website\",\"url\":\"https:\\\/\\\/www.sarapresas.com\\\/ca\\\/\",\"name\":\"Sara Presas\",\"description\":\"\",\"publisher\":{\"@id\":\"https:\\\/\\\/www.sarapresas.com\\\/ca\\\/#organization\"},\"potentialAction\":[{\"@type\":\"SearchAction\",\"target\":{\"@type\":\"EntryPoint\",\"urlTemplate\":\"https:\\\/\\\/www.sarapresas.com\\\/ca\\\/?s={search_term_string}\"},\"query-input\":{\"@type\":\"PropertyValueSpecification\",\"valueRequired\":true,\"valueName\":\"search_term_string\"}}],\"inLanguage\":\"ca\"},{\"@type\":\"Organization\",\"@id\":\"https:\\\/\\\/www.sarapresas.com\\\/ca\\\/#organization\",\"name\":\"Sara Presas\",\"url\":\"https:\\\/\\\/www.sarapresas.com\\\/ca\\\/\",\"logo\":{\"@type\":\"ImageObject\",\"inLanguage\":\"ca\",\"@id\":\"https:\\\/\\\/www.sarapresas.com\\\/ca\\\/#\\\/schema\\\/logo\\\/image\\\/\",\"url\":\"https:\\\/\\\/www.sarapresas.com\\\/wp-content\\\/uploads\\\/2024\\\/02\\\/Presas_Logo_light_grosor_01.svg\",\"contentUrl\":\"https:\\\/\\\/www.sarapresas.com\\\/wp-content\\\/uploads\\\/2024\\\/02\\\/Presas_Logo_light_grosor_01.svg\",\"width\":1,\"height\":1,\"caption\":\"Sara Presas\"},\"image\":{\"@id\":\"https:\\\/\\\/www.sarapresas.com\\\/ca\\\/#\\\/schema\\\/logo\\\/image\\\/\"}}]}<\/script>\n<!-- \/ Yoast SEO plugin. -->","yoast_head_json":{"title":"Serveis","robots":{"index":"index","follow":"follow","max-snippet":"max-snippet:-1","max-image-preview":"max-image-preview:large","max-video-preview":"max-video-preview:-1"},"og_locale":"ca_ES","og_type":"article","og_title":"Serveis","og_url":"https:\/\/www.sarapresas.com\/ca\/serveis\/","og_site_name":"Sara Presas","article_modified_time":"2025-01-23T11:12:58+00:00","twitter_card":"summary_large_image","twitter_misc":{"Temps estimat de lectura":"2 minuts"},"schema":{"@context":"https:\/\/schema.org","@graph":[{"@type":"WebPage","@id":"https:\/\/www.sarapresas.com\/ca\/serveis\/","url":"https:\/\/www.sarapresas.com\/ca\/serveis\/","name":"Servicios Presas Arquitectura - Sara Presas","isPartOf":{"@id":"https:\/\/www.sarapresas.com\/#website"},"datePublished":"2019-09-04T14:56:59+00:00","dateModified":"2025-01-23T11:12:58+00:00","description":"Servicios de arquitectura: consultor\u00eda de urbanismo, proyectos de legalizaci\u00f3n de obras, reforma y rehabilitaci\u00f3n de espacios, proyectos de obra nueva","breadcrumb":{"@id":"https:\/\/www.sarapresas.com\/ca\/serveis\/#breadcrumb"},"inLanguage":"ca","potentialAction":[{"@type":"ReadAction","target":["https:\/\/www.sarapresas.com\/ca\/serveis\/"]}]},{"@type":"BreadcrumbList","@id":"https:\/\/www.sarapresas.com\/ca\/serveis\/#breadcrumb","itemListElement":[{"@type":"ListItem","position":1,"name":"Inicio","item":"https:\/\/www.sarapresas.com\/"},{"@type":"ListItem","position":2,"name":"Serveis"}]},{"@type":"WebSite","@id":"https:\/\/www.sarapresas.com\/ca\/#website","url":"https:\/\/www.sarapresas.com\/ca\/","name":"Sara Presas","description":"","publisher":{"@id":"https:\/\/www.sarapresas.com\/ca\/#organization"},"potentialAction":[{"@type":"SearchAction","target":{"@type":"EntryPoint","urlTemplate":"https:\/\/www.sarapresas.com\/ca\/?s={search_term_string}"},"query-input":{"@type":"PropertyValueSpecification","valueRequired":true,"valueName":"search_term_string"}}],"inLanguage":"ca"},{"@type":"Organization","@id":"https:\/\/www.sarapresas.com\/ca\/#organization","name":"Sara Presas","url":"https:\/\/www.sarapresas.com\/ca\/","logo":{"@type":"ImageObject","inLanguage":"ca","@id":"https:\/\/www.sarapresas.com\/ca\/#\/schema\/logo\/image\/","url":"https:\/\/www.sarapresas.com\/wp-content\/uploads\/2024\/02\/Presas_Logo_light_grosor_01.svg","contentUrl":"https:\/\/www.sarapresas.com\/wp-content\/uploads\/2024\/02\/Presas_Logo_light_grosor_01.svg","width":1,"height":1,"caption":"Sara Presas"},"image":{"@id":"https:\/\/www.sarapresas.com\/ca\/#\/schema\/logo\/image\/"}}]}},"_links":{"self":[{"href":"https:\/\/www.sarapresas.com\/ca\/wp-json\/wp\/v2\/pages\/8","targetHints":{"allow":["GET"]}}],"collection":[{"href":"https:\/\/www.sarapresas.com\/ca\/wp-json\/wp\/v2\/pages"}],"about":[{"href":"https:\/\/www.sarapresas.com\/ca\/wp-json\/wp\/v2\/types\/page"}],"author":[{"embeddable":true,"href":"https:\/\/www.sarapresas.com\/ca\/wp-json\/wp\/v2\/users\/1"}],"replies":[{"embeddable":true,"href":"https:\/\/www.sarapresas.com\/ca\/wp-json\/wp\/v2\/comments?post=8"}],"version-history":[{"count":164,"href":"https:\/\/www.sarapresas.com\/ca\/wp-json\/wp\/v2\/pages\/8\/revisions"}],"predecessor-version":[{"id":3679,"href":"https:\/\/www.sarapresas.com\/ca\/wp-json\/wp\/v2\/pages\/8\/revisions\/3679"}],"wp:attachment":[{"href":"https:\/\/www.sarapresas.com\/ca\/wp-json\/wp\/v2\/media?parent=8"}],"curies":[{"name":"wp","href":"https:\/\/api.w.org\/{rel}","templated":true}]}}